{"id":6,"date":"2012-12-17T23:04:47","date_gmt":"2012-12-17T23:04:47","guid":{"rendered":"https:\/\/www.caboverdeifn.ifer.cz\/?page_id=6"},"modified":"2013-02-20T11:20:17","modified_gmt":"2013-02-20T11:20:17","slug":"about-nfi","status":"publish","type":"page","link":"https:\/\/www.caboverdeifn.ifer.cz\/?page_id=6","title":{"rendered":"Informa\u00e7\u00f5es Gerais"},"content":{"rendered":"<p align=\"justify\">O Inventario Florestal Nacional (IFN), que \u00e9 um invent\u00e1rio de fontes m\u00faltiplas dos recursos  florestais onde  se combinam a foto-interpreta\u00e7\u00e3o, a pesquisa de  campo e analise estatisticas. Abrange as noves ilhas habitadas e tem por objectivo  o conhecimento quantitativo e  qualitativo dos per\u00edmetros florestais em todos os munic\u00edpios do Pa\u00eds de modo a  permitir a caracteriza\u00e7\u00e3o dessas \u00e1reas e efectuar o planeamento adequado em  termos de gest\u00e3o e uso sustent\u00e1vel dos recursos florestais. O inventario  florestal foi realizado em duas fases. A primeira fase,  a classifica\u00e7\u00e3o do uso do solo foi efectuada  atrav\u00e9s  da foto interpreta\u00e7\u00e3o e a  pesquisa de campo baseada na amostragem estratificada aliatoria. Na segunda  fase a classifica\u00e7\u00e3o do uso do solo foi baseada nas informa\u00e7\u00f5es do terreno e  para a pesquisa de campo utilizou-se a amostragem sistematica com uma grelha de  150X150m. O Inventario Florestal Nacional  disponibiliza um conjunto de informa\u00e7\u00f5es sobre os recursos florestais  e uso do solo, nomeadamente, area por  diferentes classes do uso do solo, principais especies, biomassa, volume do  material lenhoso e stock de carbono. Tambem o projecto fornece informa\u00e7oes  sobre o perfil e crescimento medio das principais especies ( Eucalyptus  sp., Grevilla sp., Pinus sp. Etc)  e a equa\u00e7\u00e3o biomassa de especies semelhantes  ao Projopis Juliflora.Os resultados v\u00e3o contribuir para tomada de decis\u00f5es  nomeadamente estrat\u00e9gicas sobre a gest\u00e3o de recursos naturais, conserva\u00e7\u00e3o da  biodiversidade e dos estoques de carbono.<\/p>\n<div class=\"box_3perpage\">\n<a href=\"wp-content\/uploads\/home1.jpg\" title=\"Santo Ant\u00e3o\" rel=\"lightbox\"> <img decoding=\"async\" src=\"wp-content\/uploads\/home1.jpg\" \/><\/a>\n<\/div>\n<div class=\"box_3perpage\">\n<a href=\"wp-content\/uploads\/home2.jpg\" title=\"Santo Ant\u00e3o\" rel=\"lightbox\"> <img decoding=\"async\" src=\"wp-content\/uploads\/home2.jpg\" \/><\/a>\n<\/div>\n<div class=\"box_3perpage\">\n<a href=\"wp-content\/uploads\/home3.jpg\" title=\"Santo Ant\u00e3o\" rel=\"lightbox\"> <img decoding=\"async\" src=\"wp-content\/uploads\/home3.jpg\" \/><\/a>\n<\/div>\n","protected":false},"excerpt":{"rendered":"<p>O Inventario Florestal Nacional (IFN), que \u00e9 um invent\u00e1rio de fontes m\u00faltiplas dos recursos florestais onde se combinam a foto-interpreta\u00e7\u00e3o, a pesquisa de campo e analise estatisticas. Abrange as noves ilhas habitadas e tem por objectivo o conhecimento quantitativo e qualitativo dos per\u00edmetros florestais em todos os munic\u00edpios do Pa\u00eds de modo a permitir a [&hellip;]<\/p>\n","protected":false},"author":1,"featured_media":0,"parent":0,"menu_order":0,"comment_status":"open","ping_status":"open","template":"","meta":{"footnotes":""},"_links":{"self":[{"href":"https:\/\/www.caboverdeifn.ifer.cz\/index.php?rest_route=\/wp\/v2\/pages\/6"}],"collection":[{"href":"https:\/\/www.caboverdeifn.ifer.cz\/index.php?rest_route=\/wp\/v2\/pages"}],"about":[{"href":"https:\/\/www.caboverdeifn.ifer.cz\/index.php?rest_route=\/wp\/v2\/types\/page"}],"author":[{"embeddable":true,"href":"https:\/\/www.caboverdeifn.ifer.cz\/index.php?rest_route=\/wp\/v2\/users\/1"}],"replies":[{"embeddable":true,"href":"https:\/\/www.caboverdeifn.ifer.cz\/index.php?rest_route=%2Fwp%2Fv2%2Fcomments&post=6"}],"version-history":[{"count":4,"href":"https:\/\/www.caboverdeifn.ifer.cz\/index.php?rest_route=\/wp\/v2\/pages\/6\/revisions"}],"predecessor-version":[{"id":103,"href":"https:\/\/www.caboverdeifn.ifer.cz\/index.php?rest_route=\/wp\/v2\/pages\/6\/revisions\/103"}],"wp:attachment":[{"href":"https:\/\/www.caboverdeifn.ifer.cz\/index.php?rest_route=%2Fwp%2Fv2%2Fmedia&parent=6"}],"curies":[{"name":"wp","href":"https:\/\/api.w.org\/{rel}","templated":true}]}}