{"id":111,"date":"2013-02-20T11:46:24","date_gmt":"2013-02-20T11:46:24","guid":{"rendered":"https:\/\/www.caboverdeifn.ifer.cz\/?page_id=111"},"modified":"2013-02-20T17:11:15","modified_gmt":"2013-02-20T17:11:15","slug":"recolha-de-dados","status":"publish","type":"page","link":"https:\/\/www.caboverdeifn.ifer.cz\/?page_id=111","title":{"rendered":"Recolha de dados"},"content":{"rendered":"<p>O Inventario  Florestal foi realizada em duas fases. A primeira fase foi o desenho das  parcelas de amostras  sistem\u00e1tica e  regular com rede de pontos equidistantes 150&#215;150 m. Essas amostras foram usadas  para estimar o uso do solo, usando a foto interpreta\u00e7\u00e3o das orthophotos. A  segunda fase, o desenho das amostradas foi sistem\u00e1tica com uma rede de pontos  equidistantes 150&#215;150 para Ilha de Santiago, 450&#215;450 m para as ilhas de Santo Ant\u00e3o, S\u00e3o Nicolau, S\u00e3o Vicente, Boavista,  Maio, Fogo e 300x300m para as ilhas de Brava e Sal. Essa grelha de amostragem  foi utilizada para levantamento dos dados no campo e  informa\u00e7\u00f5es adicionais para as classes do uso  do solo ( floresta, agro-floresta, floresta aberta e zonas arbustivas).<br \/>\n  O n\u00famero de parcelas de amostragem por ilhas foram segundo o quadro n\u00ba 1<\/p>\n<p> <strong>Quadro 1: N\u00famero de parcelas de amostragem por  ilha<\/strong><\/p>\n<table border=\"1\" cellspacing=\"0\" cellpadding=\"0\">\n<tr>\n<td width=\"314\" valign=\"bottom\">\n      <strong>Ilha<\/strong><\/td>\n<td width=\"475\">\n<p align=\"center\"><strong>N\u00famero    de amostras<\/strong><\/p>\n<\/td>\n<\/tr>\n<tr>\n<td width=\"314\" valign=\"bottom\">\n<p>Santiago<strong> <\/strong><\/p>\n<\/td>\n<td width=\"475\">\n<p align=\"center\">1322<strong> <\/strong><\/p>\n<\/td>\n<\/tr>\n<tr>\n<td width=\"314\" valign=\"top\">\n<p>Santo Ant\u00e3o<\/p>\n<\/td>\n<td width=\"475\">\n<p align=\"center\">234 <\/p>\n<\/td>\n<\/tr>\n<tr>\n<td width=\"314\" valign=\"top\">\n<p>S. Vicente<\/p>\n<\/td>\n<td width=\"475\">\n<p align=\"center\">98 <\/p>\n<\/td>\n<\/tr>\n<tr>\n<td width=\"314\" valign=\"top\">\n<p>S. Nicolau<\/p>\n<\/td>\n<td width=\"475\">\n<p align=\"center\">105 <\/p>\n<\/td>\n<\/tr>\n<tr>\n<td width=\"314\" valign=\"top\">\n<p>Sal<\/p>\n<\/td>\n<td width=\"475\">\n<p align=\"center\">76 <\/p>\n<\/td>\n<\/tr>\n<tr>\n<td width=\"314\" valign=\"top\">\n<p>Boa Vista<\/p>\n<\/td>\n<td width=\"475\">\n<p align=\"center\">215 <\/p>\n<\/td>\n<\/tr>\n<tr>\n<td width=\"314\" valign=\"top\">\n<p>Maio <\/p>\n<\/td>\n<td width=\"475\">\n<p align=\"center\">252 <\/p>\n<\/td>\n<\/tr>\n<tr>\n<td width=\"314\" valign=\"top\">\n<p>Fogo<\/p>\n<\/td>\n<td width=\"475\">\n<p align=\"center\">320 <\/p>\n<\/td>\n<\/tr>\n<tr>\n<td width=\"314\" valign=\"top\">\n<p>Brava<\/p>\n<\/td>\n<td width=\"475\">\n<p align=\"center\">127 <\/p>\n<\/td>\n<\/tr>\n<tr>\n<td width=\"314\" valign=\"top\">\n<p><strong>Total<\/strong><\/p>\n<\/td>\n<td width=\"475\">\n<p align=\"center\">2749 <\/p>\n<\/td>\n<\/tr>\n<\/table>\n<p>No caso de qualquer  parcela de amostragem original ser inacess\u00edvel foi criado as parcelas  substitutas localizadas a 150 m para Norte, Este, Sul ou Oeste, a partir da  coordenada da original<\/p>\n<p>  <strong>Classifica\u00e7\u00e3o do Uso do Solo<\/strong><br \/>\n  O sistema de classifica\u00e7\u00e3o utilizada para definir as classes do  uso do solo foi baseado no sistema de classifica\u00e7\u00e3o desenvolvido pela Avalia\u00e7\u00e3o  Global de Recursos Florestais da FAO para assegurar uma harmoniza\u00e7\u00e3o entre pa\u00edses,  nas avalia\u00e7\u00f5es regionais ou globais adaptadas \u00e0s  especifica\u00e7\u00f5es de Cabo Verde (FRA2010) <br \/>\n  A classifica\u00e7\u00e3o do uso e ocupa\u00e7\u00e3o do solo foi realizado no campo  em parcelas rectangulares de 2500m2 seguindo a metodologia da figura  1<br \/>\n  Figura 1 Esquema  de classifica\u00e7\u00e3o do uso e ocupa\u00e7\u00e3o do solo <\/p>\n<p aligen=center\"><img loading=\"lazy\" decoding=\"async\" src=\"wp-content\/uploads\/classschemePT.gif\" alt=\"1\" width=\"403\" height=\"518\"> <br \/>\n  <strong>Esquema das parcelas <\/strong><\/p>\n<p>Na ilha de Santiago  as parcelas foram circular de tamanho vari\u00e1vel de acordo com a classe do uso do  solo identificado no campo. A equipa de campo estabeleceu parcelas circulares  de 1000 m2 para classe agro-florestal e floresta aberta e parcelas  de 500 m2 para floresta e zonas arbustivas.<br \/>\n  Nas outras ilhas  todas as parcelas de amostras foram 1000 m2 independentemente da  classe do uso do solo.<\/p>\n<p><strong>Levantamento de dados no  terreno<\/strong><\/p>\n<p>A  localiza\u00e7\u00e3o e navega\u00e7\u00e3o at\u00e9 ao centro das parcelas de amostragem foram feitas  com aux\u00edlio do equipamento GNSS (GPS SXBlue II) conectado ao computador de campo,  que continha a aplica\u00e7\u00e3o do campo (software Field-Map Data Collector), mapa de digital e grelha de amostragem. Uma vez no centro, fazia-se a calibra\u00e7\u00e3o dos equipamentos (calibra\u00e7\u00e3o  da bussola eletr\u00f3nica).<br \/>\n  De  seguida faz-se a classifica\u00e7\u00e3o do uso do solo numa \u00e1rea de  2500 m2 baseada no esquema de classifica\u00e7\u00e3o do uso do solo (figura  1). As informa\u00e7\u00f5es e dados recolhidos assim como a classifica\u00e7\u00e3o do uso do solo  eram guardados na base de dados.<br \/>\n  uatro fotos, eram  tirada partir do centro da parcela em   quatro dire\u00e7\u00f5es (Norte, Este, Sul e Oeste).<br \/>\n  As seguintes  informa\u00e7\u00f5es adicionais eram recolhidas por classes de uso do solo<\/p>\n<ul>\n<li>Floresta<\/li>\n<li>Floresta aberta<\/li>\n<li>Agro -floresta<\/li>\n<li>Zonas arbustivas<\/li>\n<\/ul>\n<p><strong>Table 2: Dados recolhidos por classes  do uso do solo<\/strong><\/p>\n<table border=\"1\" cellspacing=\"0\" cellpadding=\"0\">\n<tr>\n<td width=\"314\" valign=\"bottom\">\n<p align=\"center\"><strong>Layer <\/strong><\/p>\n<\/td>\n<td width=\"475\">\n<p align=\"center\"><strong>Descri\u00e7\u00e3o<\/strong><\/p>\n<\/td>\n<\/tr>\n<tr>\n<td width=\"314\" valign=\"bottom\">\n<p>Descri\u00e7\u00e3o da parcela de amostragem<strong> <\/strong><\/p>\n<\/td>\n<td width=\"475\">\n<p>Informa\u00e7\u00f5es gerais da parcela (    declive, eros\u00e3o, prepara\u00e7\u00e3o do solo  etc.)<strong> <\/strong><\/p>\n<\/td>\n<\/tr>\n<tr>\n<td width=\"314\" valign=\"top\">\n<p>\u00c1rvores e ramos<\/p>\n<\/td>\n<td width=\"475\">\n<p>Descri\u00e7\u00e3o da arvores  com altura superior a 1 m <br \/>\n      (esp\u00e9cie, danos, qualidade da madeira.) <\/p>\n<\/td>\n<\/tr>\n<tr>\n<td width=\"314\" valign=\"top\">\n<p>Regenera\u00e7\u00e3o<\/p>\n<\/td>\n<td width=\"475\">\n<p>Descri\u00e7\u00e3o da arvores  com altura inferior  a 1 m <br \/>\n      (i.e. esp\u00e9cies, cobertura, origem, altura media numero de plantas) <\/p>\n<\/td>\n<\/tr>\n<tr>\n<td width=\"314\" valign=\"top\">\n<p>Arbustos<\/p>\n<\/td>\n<td width=\"475\">\n<p>Descri\u00e7\u00e3o do estrato arbustivo<br \/>\n      (i.e. esp\u00e9cies, altura, cobertura com arbusto) <\/p>\n<\/td>\n<\/tr>\n<tr>\n<td width=\"314\" valign=\"top\">\n<p>Esp\u00e9cies end\u00e9micas <\/p>\n<\/td>\n<td width=\"475\">\n<p>Descri\u00e7\u00e3o das esp\u00e9cies end\u00e9micas<br \/>\n      (i.e. esp\u00e9cies, cobertura com plantas end\u00e9micas  ) <\/p>\n<\/td>\n<\/tr>\n<tr>\n<td width=\"314\" valign=\"top\">\n<p>Toi\u00e7a<\/p>\n<\/td>\n<td width=\"475\">\n<p>Descri\u00e7\u00e3o das toi\u00e7as com mais de 10    cm de di\u00e2metro de base ter (i.e. esp\u00e9cies, altura di\u00e2metro) <\/p>\n<\/td>\n<\/tr>\n<\/table>\n","protected":false},"excerpt":{"rendered":"<p>O Inventario Florestal foi realizada em duas fases. A primeira fase foi o desenho das parcelas de amostras sistem\u00e1tica e regular com rede de pontos equidistantes 150&#215;150 m. Essas amostras foram usadas para estimar o uso do solo, usando a foto interpreta\u00e7\u00e3o das orthophotos. A segunda fase, o desenho das amostradas foi sistem\u00e1tica com uma [&hellip;]<\/p>\n","protected":false},"author":1,"featured_media":0,"parent":108,"menu_order":10,"comment_status":"open","ping_status":"open","template":"","meta":{"footnotes":""},"_links":{"self":[{"href":"https:\/\/www.caboverdeifn.ifer.cz\/index.php?rest_route=\/wp\/v2\/pages\/111"}],"collection":[{"href":"https:\/\/www.caboverdeifn.ifer.cz\/index.php?rest_route=\/wp\/v2\/pages"}],"about":[{"href":"https:\/\/www.caboverdeifn.ifer.cz\/index.php?rest_route=\/wp\/v2\/types\/page"}],"author":[{"embeddable":true,"href":"https:\/\/www.caboverdeifn.ifer.cz\/index.php?rest_route=\/wp\/v2\/users\/1"}],"replies":[{"embeddable":true,"href":"https:\/\/www.caboverdeifn.ifer.cz\/index.php?rest_route=%2Fwp%2Fv2%2Fcomments&post=111"}],"version-history":[{"count":2,"href":"https:\/\/www.caboverdeifn.ifer.cz\/index.php?rest_route=\/wp\/v2\/pages\/111\/revisions"}],"predecessor-version":[{"id":164,"href":"https:\/\/www.caboverdeifn.ifer.cz\/index.php?rest_route=\/wp\/v2\/pages\/111\/revisions\/164"}],"up":[{"embeddable":true,"href":"https:\/\/www.caboverdeifn.ifer.cz\/index.php?rest_route=\/wp\/v2\/pages\/108"}],"wp:attachment":[{"href":"https:\/\/www.caboverdeifn.ifer.cz\/index.php?rest_route=%2Fwp%2Fv2%2Fmedia&parent=111"}],"curies":[{"name":"wp","href":"https:\/\/api.w.org\/{rel}","templated":true}]}}