{"id":105,"date":"2013-02-20T11:24:00","date_gmt":"2013-02-20T11:24:00","guid":{"rendered":"https:\/\/www.caboverdeifn.ifer.cz\/?page_id=105"},"modified":"2013-02-20T11:24:00","modified_gmt":"2013-02-20T11:24:00","slug":"historial-do-ifn","status":"publish","type":"page","link":"https:\/\/www.caboverdeifn.ifer.cz\/?page_id=105","title":{"rendered":"Historial do IFN"},"content":{"rendered":"<p align=\"justify\">O  Inventario Florestal \u00e9 uma preocupa\u00e7\u00e3o que o sector tem desde h\u00e1 muito tempo.  Essa preocupa\u00e7\u00e3o acentuou com a publica\u00e7\u00e3o da lei florestal em 1998. Mas devido  a constrangimentos financeiros, o processo teve o seu in\u00edcio apenas em  Mar\u00e7o de 2006 com elabora\u00e7\u00e3o do plano operacional  para a implementa\u00e7\u00e3o do Projecto da Realiza\u00e7\u00e3o do Inventario Florestal. Neste  estudo fez-se a recolha de informa\u00e7\u00f5es dispon\u00edveis<a name=\"_Toc133123269\">, an\u00e1lise r\u00e1pida da situa\u00e7\u00e3o dos per\u00edmetros florestais  por estratos agro-ecologica<\/a> e proposta do plano operacional para realiza\u00e7\u00e3o do Invent\u00e1rio Florestal  Nacional. A seguir ao plano operacional mobilizou recursos financeiros e  t\u00e9cnicos para implementa\u00e7\u00e3o do referido plano.<\/p>\n<p align=\"justify\">\n  Em Fevereiro de 2008 deu inicio as atividades  da realiza\u00e7\u00e3o do Inventario Florestal Nacional com implementa\u00e7\u00e3o das seguintes  etapas: planifica\u00e7\u00e3o, forma\u00e7\u00e3o e levantamento de dados no terreno na ilha de Santiago. <\/p>\n<p align=\"justify\">\n  De  Abril a Outubro de 2010  as actividades  estiveram interrompidas para revis\u00e3o do projecto.  Em Novembro do mesmo ano foi reiniciado as  actividades do Inventario Florestal e conclu\u00eddo o levantamento de dados no  terreno na Ilha de Santiago.<\/p>\n<p align=\"justify\">\n  Em  Janeiro 2011 foi revisto a metodologia da realiza\u00e7\u00e3o do Inventario Florestal  Nacional. Nesse \u00e2mbito foi efectuada uma nova planifica\u00e7\u00e3o das diferentes  etapas do Inventario Florestal tendo em conta um novo desenho de amostragem,  classifica\u00e7\u00e3o do uso e ocupa\u00e7\u00e3o do solo, e novos atributos (vari\u00e1veis).<\/p>\n<p align=\"justify\">\n  Os  trabalhos de campo foram conclu\u00eddos nas 9 ilhas habitadas do arquip\u00e9lago em  Dezembro de 2011. <br \/>\n  Durante  ano de 2012 fez o tratamento e an\u00e1lise dos dados, assim como a forma\u00e7\u00e3o da  equipa nacional para produ\u00e7\u00e3o dos resultados finais.<\/p>\n<p align=\"justify\">\n  O  projecto do Inventario Florestal Nacional foi conclu\u00eddo em Dezembro 2012.<\/p>\n","protected":false},"excerpt":{"rendered":"<p>O Inventario Florestal \u00e9 uma preocupa\u00e7\u00e3o que o sector tem desde h\u00e1 muito tempo. Essa preocupa\u00e7\u00e3o acentuou com a publica\u00e7\u00e3o da lei florestal em 1998. Mas devido a constrangimentos financeiros, o processo teve o seu in\u00edcio apenas em Mar\u00e7o de 2006 com elabora\u00e7\u00e3o do plano operacional para a implementa\u00e7\u00e3o do Projecto da Realiza\u00e7\u00e3o do Inventario [&hellip;]<\/p>\n","protected":false},"author":1,"featured_media":0,"parent":0,"menu_order":10,"comment_status":"open","ping_status":"open","template":"","meta":{"footnotes":""},"_links":{"self":[{"href":"https:\/\/www.caboverdeifn.ifer.cz\/index.php?rest_route=\/wp\/v2\/pages\/105"}],"collection":[{"href":"https:\/\/www.caboverdeifn.ifer.cz\/index.php?rest_route=\/wp\/v2\/pages"}],"about":[{"href":"https:\/\/www.caboverdeifn.ifer.cz\/index.php?rest_route=\/wp\/v2\/types\/page"}],"author":[{"embeddable":true,"href":"https:\/\/www.caboverdeifn.ifer.cz\/index.php?rest_route=\/wp\/v2\/users\/1"}],"replies":[{"embeddable":true,"href":"https:\/\/www.caboverdeifn.ifer.cz\/index.php?rest_route=%2Fwp%2Fv2%2Fcomments&post=105"}],"version-history":[{"count":0,"href":"https:\/\/www.caboverdeifn.ifer.cz\/index.php?rest_route=\/wp\/v2\/pages\/105\/revisions"}],"wp:attachment":[{"href":"https:\/\/www.caboverdeifn.ifer.cz\/index.php?rest_route=%2Fwp%2Fv2%2Fmedia&parent=105"}],"curies":[{"name":"wp","href":"https:\/\/api.w.org\/{rel}","templated":true}]}}